{"id":395813,"date":"2025-06-12T10:59:18","date_gmt":"2025-06-12T08:59:18","guid":{"rendered":"https:\/\/semprelove.pl\/produkt\/garnitur-alessia-czerwony\/"},"modified":"2025-06-13T10:16:38","modified_gmt":"2025-06-13T08:16:38","slug":"garnitur-alessia-czerwony","status":"publish","type":"product","link":"https:\/\/semprelove.pl\/en\/product\/garnitur-alessia-czerwony\/","title":{"rendered":"Garnitur ALESSIA Czerwony"},"content":{"rendered":"<p>Komplet damski. Marynarka z paskiem. Rozci\u0119cia na mankietach. Spodnie z wysokim stanem, z gum\u0105 z ty\u0142u.\u00a0<\/p>\n","protected":false},"excerpt":{"rendered":"<table class=\"table table-bordered\" style=\"width: 1099px;border: 1px solid var(--gray-400)\">\n<tbody>\n<tr>\n<td><span style=\"font-weight: 600;color: inherit\">Rozmiar<\/span><\/td>\n<td style=\"border: 1px solid var(--gray-400)\"><span style=\"font-weight: 600;color: inherit\">S\/M<\/span><\/td>\n<td><span style=\"font-weight: 600;color: inherit\">M\/L<\/span><\/td>\n<\/tr>\n<tr>\n<td><span style=\"font-weight: 600;color: inherit\">A<\/span><\/td>\n<td style=\"border: 1px solid var(--gray-400)\">73<\/td>\n<td>75<\/td>\n<\/tr>\n<tr>\n<td><span style=\"font-weight: 600;color: inherit\">B<\/span><\/td>\n<td style=\"border: 1px solid var(--gray-400)\">54<\/td>\n<td>56<\/td>\n<\/tr>\n<tr>\n<td><span style=\"font-weight: 600;color: inherit\">C<\/span><\/td>\n<td style=\"border: 1px solid var(--gray-400)\">42<\/td>\n<td>44<\/td>\n<\/tr>\n<tr>\n<td><span style=\"font-weight: 600;color: inherit\">D<\/span><\/td>\n<td style=\"border: 1px solid var(--gray-400)\">42<\/td>\n<td>44<\/td>\n<\/tr>\n<tr>\n<td><span style=\"font-weight: 600;color: inherit\">E<\/span><\/td>\n<td style=\"border: 1px solid var(--gray-400)\">60<\/td>\n<td>62<\/td>\n<\/tr>\n<tr>\n<td><span style=\"font-weight: 600;color: inherit\">F<\/span><\/td>\n<td style=\"border: 1px solid var(--gray-400)\">109<\/td>\n<td>111<\/td>\n<\/tr>\n<tr>\n<td><span style=\"font-weight: 600;color: inherit\">G<\/span><\/td>\n<td style=\"border: 1px solid var(--gray-400)\">33<\/td>\n<td>35<\/td>\n<\/tr>\n<tr>\n<td><span style=\"font-weight: 600;color: inherit\">H<\/span><\/td>\n<td style=\"border: 1px solid var(--gray-400)\">35<\/td>\n<td>37<\/td>\n<\/tr>\n<tr>\n<td style=\"border-bottom: 1px solid var(--gray-400)\"><span style=\"font-weight: 600;color: inherit\">I<\/span><\/td>\n<td style=\"border-bottom: 1px solid var(--gray-400)\">80<\/td>\n<td style=\"border-bottom: 1px solid var(--gray-400)\">82<\/td>\n<\/tr>\n<\/tbody>\n<\/table>\n<p><span style=\"font-size: 14px;font-weight: 600\">UBRANIA MIERZONE NA P\u0141ASKO.<br \/><\/span><span style=\"font-size: 14px\">POSZCZEG\u00d3LNE WYMIARY MOG\u0104 R\u00d3\u017bNI\u0106 SI\u0118 +\/- 2CM<\/span><br style=\"font-size: 14px\"><span style=\"color: var(--gray-800);font-size: 14px\">WYMIARY PODANE W CENTYMETRACH.<\/span><\/p>\n<\/p>\n<div><span style=\"font-size: 13px\"><br \/><\/span><\/div>\n<div><span style=\"font-size: 13px\"><span style=\"font-weight: 600;color: inherit\">LEGENDA TABELI ROZMIAR\u00d3W<\/span><\/span><\/div>\n<div><span style=\"font-weight: 600;font-size: 13px\">A:<\/span><span style=\"font-size: 13px\">\u00a0D\u0141UGO\u015a\u0106 CA\u0141KOWITA<\/span><\/p>\n<div><span style=\"color: var(--gray-800);font-size: 13px\"><span style=\"font-weight: 600;color: inherit\">B:<\/span>\u00a0SZEROKO\u015a\u0106 W BIU\u015aCIE<br \/><\/span><span style=\"color: var(--gray-800);font-size: 13px\"><span style=\"font-weight: 600;color: inherit\">C:<\/span>\u00a0SZEROKO\u015a\u0106 W RAMIONACH<br \/><\/span><span style=\"color: var(--gray-800);font-size: 13px\"><span style=\"font-weight: 600;color: inherit\">D:<\/span>\u00a0D\u0141UGO\u015a\u0106 R\u0118KAWA OD WEWN\u0104TRZ<br \/><\/span><span style=\"color: var(--gray-800);font-size: 13px\"><span style=\"font-weight: 600;color: inherit\">E:<\/span>\u00a0D\u0141UGO\u015a\u0106 R\u0118KAWA OD ZEWN\u0104TRZ<br \/><\/span><span style=\"color: var(--gray-800);font-size: 13px\"><span style=\"font-weight: 600;color: inherit\">F:\u00a0<\/span>D\u0141UGO\u015a\u0106 CA\u0141KOWITA SPODNI<br \/><\/span><span style=\"color: var(--gray-800);font-size: 13px\"><span style=\"font-weight: 600;color: inherit\">G:\u00a0<\/span>SZEROKO\u015a\u0106 W PASIE<br \/><\/span><span style=\"color: var(--gray-800);font-size: 13px\"><span style=\"font-weight: 600;color: inherit\">H:\u00a0<\/span>WYSOKO\u015a\u0106 STANU<br \/><\/span><span style=\"color: var(--gray-800);font-size: 13px\"><span style=\"font-weight: 600;color: inherit\">I:\u00a0<\/span>D\u0141UGO\u015a\u0106 NOGAWKI OD WEWN\u0104TRZ<br \/><\/span><span style=\"color: var(--gray-800);font-size: 13px\"><span style=\"font-weight: 600;color: inherit\">J:\u00a0<\/span>SZEROKO\u015a\u0106 DO\u0141U<br \/><\/span><span style=\"color: var(--gray-800);font-size: 13px\"><span style=\"font-weight: 600;color: inherit\">K:<\/span>\u00a0D\u0141UGO\u015a\u0106 CA\u0141KOWITA TY\u0141U<\/span><\/div>\n<\/div>\n","protected":false},"featured_media":390250,"template":"","meta":{"_acf_changed":false},"product_brand":[],"product_cat":[589,593],"product_tag":[],"class_list":{"0":"post-395813","1":"product","2":"type-product","3":"status-publish","4":"has-post-thumbnail","6":"product_cat-clothing","7":"product_cat-suits","9":"first","10":"outofstock","11":"taxable","12":"shipping-taxable","13":"purchasable","14":"product-type-variable","15":"has-default-attributes"},"acf":[],"_links":{"self":[{"href":"https:\/\/semprelove.pl\/en\/wp-json\/wp\/v2\/product\/395813","targetHints":{"allow":["GET"]}}],"collection":[{"href":"https:\/\/semprelove.pl\/en\/wp-json\/wp\/v2\/product"}],"about":[{"href":"https:\/\/semprelove.pl\/en\/wp-json\/wp\/v2\/types\/product"}],"wp:featuredmedia":[{"embeddable":true,"href":"https:\/\/semprelove.pl\/en\/wp-json\/wp\/v2\/media\/390250"}],"wp:attachment":[{"href":"https:\/\/semprelove.pl\/en\/wp-json\/wp\/v2\/media?parent=395813"}],"wp:term":[{"taxonomy":"product_brand","embeddable":true,"href":"https:\/\/semprelove.pl\/en\/wp-json\/wp\/v2\/product_brand?post=395813"},{"taxonomy":"product_cat","embeddable":true,"href":"https:\/\/semprelove.pl\/en\/wp-json\/wp\/v2\/product_cat?post=395813"},{"taxonomy":"product_tag","embeddable":true,"href":"https:\/\/semprelove.pl\/en\/wp-json\/wp\/v2\/product_tag?post=395813"}],"curies":[{"name":"wp","href":"https:\/\/api.w.org\/{rel}","templated":true}]}}