{"id":396097,"date":"2025-06-12T11:13:12","date_gmt":"2025-06-12T09:13:12","guid":{"rendered":"https:\/\/semprelove.pl\/produkt\/buty-kesja-czekoladowe\/"},"modified":"2026-04-10T10:57:21","modified_gmt":"2026-04-10T08:57:21","slug":"buty-kesja-czekoladowe","status":"publish","type":"product","link":"https:\/\/semprelove.pl\/en\/product\/buty-kesja-czekoladowe\/","title":{"rendered":"Buty KESJA Czekoladowe"},"content":{"rendered":"<div>Modne sneakersy w kolorze czekoladowym.<br \/>\nNa wy\u017cszej podeszwie w kolorze czekoladowym.  Ozdobne paski na bokach.<\/div>\n<div><font color=\"#ff0000\"><span style=\"font-weight: 600;color: inherit\"><br \/><\/span><\/font><\/div>\n<div><font color=\"#ff0000\"><span style=\"font-weight: 600;color: inherit\"><br \/><\/span><\/font><\/div>\n<div><font color=\"#ff0000\"><span style=\"font-weight: 600;color: inherit\">*CZAS OCZEKIWANIA OD 14 DO 21 DNI ROBOCZYCH<\/span><\/font> <\/div>\n<div>**KOLORY NA ZDJ\u0118CIACH MOG\u0104 R\u00d3\u017bNI\u0106 SI\u0118 OD ORYGINA\u0141U<\/div>\n","protected":false},"excerpt":{"rendered":"<table class=\"table table-bordered\" style=\"width: 1116px;border: 1px solid var(--gray-400)\">\n<tbody>\n<tr>\n<td> <span style=\"font-weight: 600;color: inherit\">Rozmiar<br \/>\n<\/span> <\/td>\n<p><\/p>\n<td> <span style=\"font-weight: 600;color: inherit\">Wk\u0142adka w cm<\/span> <\/td>\n<\/tr>\n<tr>\n<td> <span style=\"font-weight: 600;color: inherit\">36<br \/>\n<\/span> <\/td>\n<p><\/p>\n<td>23,6<\/td>\n<\/tr>\n<tr>\n<td> <span style=\"font-weight: 600;color: inherit\">37<br \/>\n<\/span> <\/td>\n<p><\/p>\n<td>24,4<\/td>\n<\/tr>\n<tr>\n<td> <span style=\"font-weight: 600;color: inherit\">38<br \/>\n<\/span> <\/td>\n<p><\/p>\n<td>25<\/td>\n<\/tr>\n<tr>\n<td> <span style=\"font-weight: 600;color: inherit\">39<br \/>\n<\/span> <\/td>\n<p><\/p>\n<td>25,5<\/td>\n<\/tr>\n<tr>\n<td style=\"border-bottom: 1px solid var(--gray-400)\"> <span style=\"font-weight: 600;color: inherit\">40<br \/>\n<\/span> <\/td>\n<p><\/p>\n<td style=\"border-bottom: 1px solid var(--gray-400)\">26,3<\/td>\n<\/tr>\n<\/tbody>\n<\/table>\n<p><span style=\"color: var(--gray-800)\">WYMIARY PODANE W CENTYMETRACH.<\/span><\/p>\n<div><\/div>\n","protected":false},"featured_media":390624,"template":"","meta":{"_acf_changed":false},"product_brand":[],"product_cat":[1452,2553],"product_tag":[],"class_list":{"0":"post-396097","1":"product","2":"type-product","3":"status-publish","4":"has-post-thumbnail","6":"product_cat-footwear","7":"product_cat-sneakers","9":"first","10":"instock","11":"taxable","12":"shipping-taxable","13":"purchasable","14":"product-type-variable"},"acf":[],"_links":{"self":[{"href":"https:\/\/semprelove.pl\/en\/wp-json\/wp\/v2\/product\/396097","targetHints":{"allow":["GET"]}}],"collection":[{"href":"https:\/\/semprelove.pl\/en\/wp-json\/wp\/v2\/product"}],"about":[{"href":"https:\/\/semprelove.pl\/en\/wp-json\/wp\/v2\/types\/product"}],"wp:featuredmedia":[{"embeddable":true,"href":"https:\/\/semprelove.pl\/en\/wp-json\/wp\/v2\/media\/390624"}],"wp:attachment":[{"href":"https:\/\/semprelove.pl\/en\/wp-json\/wp\/v2\/media?parent=396097"}],"wp:term":[{"taxonomy":"product_brand","embeddable":true,"href":"https:\/\/semprelove.pl\/en\/wp-json\/wp\/v2\/product_brand?post=396097"},{"taxonomy":"product_cat","embeddable":true,"href":"https:\/\/semprelove.pl\/en\/wp-json\/wp\/v2\/product_cat?post=396097"},{"taxonomy":"product_tag","embeddable":true,"href":"https:\/\/semprelove.pl\/en\/wp-json\/wp\/v2\/product_tag?post=396097"}],"curies":[{"name":"wp","href":"https:\/\/api.w.org\/{rel}","templated":true}]}}