{"id":396172,"date":"2026-03-11T10:02:20","date_gmt":"2026-03-11T09:02:20","guid":{"rendered":"https:\/\/semprelove.pl\/produkt\/buty-vita-brazowe\/"},"modified":"2026-03-27T12:32:01","modified_gmt":"2026-03-27T11:32:01","slug":"buty-vita-brazowe","status":"publish","type":"product","link":"https:\/\/semprelove.pl\/en\/product\/buty-vita-brazowe\/","title":{"rendered":"Buty VITA Br\u0105zowe"},"content":{"rendered":"<p>Botki z naturalnej sk\u00f3ry welurowej. Kolor br\u0105zowy. Obcas 7,5 cm. Zapinane na suwak.<\/p>\n","protected":false},"excerpt":{"rendered":"<\/p>\n<table class=\"table table-bordered\" style=\"width: 1116px;border: 1px solid var(--gray-400)\">\n<tbody>\n<tr>\n<td><span style=\"font-weight: 600;color: inherit\">Rozmiar<br \/><\/span><\/td>\n<td><span style=\"font-weight: 600;color: inherit\">Wk\u0142adka w cm<\/span><\/td>\n<\/tr>\n<tr>\n<td><span style=\"font-weight: 600;color: inherit\">36<\/span><\/td>\n<td><font color=\"#1b1918\" face=\"Open Sans, Adjusted Arial Fallback, sans-serif\"><span style=\"letter-spacing: normal\">23,5<\/span><\/font><\/td>\n<\/tr>\n<tr>\n<td><span style=\"font-weight: 600;color: inherit\">37<br \/><\/span><\/td>\n<td>24<\/td>\n<\/tr>\n<tr>\n<td><span style=\"font-weight: 600;color: inherit\">38<br \/><\/span><\/td>\n<td>24,6<\/td>\n<\/tr>\n<tr>\n<td><span style=\"font-weight: 600;color: inherit\">39<br \/><\/span><\/td>\n<td>25,2<\/td>\n<\/tr>\n<tr>\n<td style=\"border-bottom: none\"><span style=\"font-weight: 600;color: inherit\">40<br \/><\/span><\/td>\n<td style=\"border-bottom: none\">25,8<\/td>\n<\/tr>\n<\/tbody>\n<\/table>\n<p><font style=\"font-size: 14px\"><\/font><span style=\"color: var(--gray-800)\">WYMIARY PODANE W CENTYMETRACH.<\/span><\/p><\/p>\n","protected":false},"featured_media":447343,"template":"","meta":{"_acf_changed":false},"product_brand":[],"product_cat":[1452],"product_tag":[],"class_list":{"0":"post-396172","1":"product","2":"type-product","3":"status-publish","4":"has-post-thumbnail","6":"product_cat-footwear","8":"first","9":"instock","10":"taxable","11":"shipping-taxable","12":"purchasable","13":"product-type-variable"},"acf":[],"_links":{"self":[{"href":"https:\/\/semprelove.pl\/en\/wp-json\/wp\/v2\/product\/396172","targetHints":{"allow":["GET"]}}],"collection":[{"href":"https:\/\/semprelove.pl\/en\/wp-json\/wp\/v2\/product"}],"about":[{"href":"https:\/\/semprelove.pl\/en\/wp-json\/wp\/v2\/types\/product"}],"wp:featuredmedia":[{"embeddable":true,"href":"https:\/\/semprelove.pl\/en\/wp-json\/wp\/v2\/media\/447343"}],"wp:attachment":[{"href":"https:\/\/semprelove.pl\/en\/wp-json\/wp\/v2\/media?parent=396172"}],"wp:term":[{"taxonomy":"product_brand","embeddable":true,"href":"https:\/\/semprelove.pl\/en\/wp-json\/wp\/v2\/product_brand?post=396172"},{"taxonomy":"product_cat","embeddable":true,"href":"https:\/\/semprelove.pl\/en\/wp-json\/wp\/v2\/product_cat?post=396172"},{"taxonomy":"product_tag","embeddable":true,"href":"https:\/\/semprelove.pl\/en\/wp-json\/wp\/v2\/product_tag?post=396172"}],"curies":[{"name":"wp","href":"https:\/\/api.w.org\/{rel}","templated":true}]}}