{"id":396194,"date":"2026-02-19T11:15:09","date_gmt":"2026-02-19T10:15:09","guid":{"rendered":"https:\/\/semprelove.pl\/produkt\/buty-liza-brazowe\/"},"modified":"2025-06-13T10:43:48","modified_gmt":"2025-06-13T08:43:48","slug":"buty-liza-brazowe","status":"publish","type":"product","link":"https:\/\/semprelove.pl\/en\/product\/buty-liza-brazowe\/","title":{"rendered":"Buty LIZA Br\u0105zowe"},"content":{"rendered":"<div>Modne sneakersy w kolorze br\u0105zowym. Podeszwa dwukolorowa.\u00a0<\/div>\n<div><font color=\"#ff0000\"><span style=\"font-weight: 600;color: inherit\"><br \/><\/span><\/font><\/div>\n<div><font color=\"#ff0000\"><span style=\"font-weight: 600;color: inherit\">*CZAS OCZEKIWANIA OD 14 DO 21 DNI ROBOCZYCH<\/span><\/font>\u00a0<\/div>\n<div>**KOLORY NA ZDJ\u0118CIACH MOG\u0104 R\u00d3\u017bNI\u0106 SI\u0118 OD ORYGINA\u0141U<\/div>\n","protected":false},"excerpt":{"rendered":"<table class=\"table table-bordered\" style=\"width: 1116px;border: 1px solid var(--gray-400)\">\n<tbody>\n<tr>\n<td><span style=\"font-weight: 600;color: inherit\">Rozmiar<br \/><\/span><\/td>\n<td><span style=\"font-weight: 600;color: inherit\">Wk\u0142adka w cm<\/span><\/td>\n<\/tr>\n<tr>\n<td><span style=\"font-weight: 600;color: inherit\">36<br \/><\/span><\/td>\n<td>23,6<\/td>\n<\/tr>\n<tr>\n<td><span style=\"font-weight: 600;color: inherit\">37<br \/><\/span><\/td>\n<td>24,4<\/td>\n<\/tr>\n<tr>\n<td><span style=\"font-weight: 600;color: inherit\">38<br \/><\/span><\/td>\n<td>25<\/td>\n<\/tr>\n<tr>\n<td><span style=\"font-weight: 600;color: inherit\">39<br \/><\/span><\/td>\n<td>25,5<\/td>\n<\/tr>\n<tr>\n<td style=\"border-bottom: 1px solid var(--gray-400)\"><span style=\"font-weight: 600;color: inherit\">40<br \/><\/span><\/td>\n<td style=\"border-bottom: 1px solid var(--gray-400)\">26,3<\/td>\n<\/tr>\n<\/tbody>\n<\/table>\n<p><span style=\"color: var(--gray-800)\">WYMIARY PODANE W CENTYMETRACH.<\/span><\/p>\n<div><\/div>\n","protected":false},"featured_media":390714,"template":"","meta":{"_acf_changed":false},"product_brand":[],"product_cat":[1452,2553],"product_tag":[],"class_list":{"0":"post-396194","1":"product","2":"type-product","3":"status-publish","4":"has-post-thumbnail","6":"product_cat-footwear","7":"product_cat-sneakers","9":"first","10":"outofstock","11":"taxable","12":"shipping-taxable","13":"purchasable","14":"product-type-variable"},"acf":[],"_links":{"self":[{"href":"https:\/\/semprelove.pl\/en\/wp-json\/wp\/v2\/product\/396194","targetHints":{"allow":["GET"]}}],"collection":[{"href":"https:\/\/semprelove.pl\/en\/wp-json\/wp\/v2\/product"}],"about":[{"href":"https:\/\/semprelove.pl\/en\/wp-json\/wp\/v2\/types\/product"}],"wp:featuredmedia":[{"embeddable":true,"href":"https:\/\/semprelove.pl\/en\/wp-json\/wp\/v2\/media\/390714"}],"wp:attachment":[{"href":"https:\/\/semprelove.pl\/en\/wp-json\/wp\/v2\/media?parent=396194"}],"wp:term":[{"taxonomy":"product_brand","embeddable":true,"href":"https:\/\/semprelove.pl\/en\/wp-json\/wp\/v2\/product_brand?post=396194"},{"taxonomy":"product_cat","embeddable":true,"href":"https:\/\/semprelove.pl\/en\/wp-json\/wp\/v2\/product_cat?post=396194"},{"taxonomy":"product_tag","embeddable":true,"href":"https:\/\/semprelove.pl\/en\/wp-json\/wp\/v2\/product_tag?post=396194"}],"curies":[{"name":"wp","href":"https:\/\/api.w.org\/{rel}","templated":true}]}}