{"id":396769,"date":"2025-06-12T11:21:38","date_gmt":"2025-06-12T09:21:38","guid":{"rendered":"https:\/\/semprelove.pl\/produkt\/buty-paula-czarne\/"},"modified":"2025-06-13T11:30:27","modified_gmt":"2025-06-13T09:30:27","slug":"buty-paula-czarne","status":"publish","type":"product","link":"https:\/\/semprelove.pl\/en\/product\/buty-paula-czarne\/","title":{"rendered":"Buty PAULA Czarne"},"content":{"rendered":"<p>ROZMIAR\tWK\u0141ADKA W CM<\/p>\n<p>36\t23,4 cm<br \/>\n37\t24 cm<br \/>\n38\t24,6 cm<br \/>\n39\t25,2 cm<br \/>\n40\t25,8cm<\/p>\n<p>WYMIARY:<\/p>\n<p>wysoko\u015b\u0107 cholewki ty\u0142:  37 cm<br \/>\nobw\u00f3d cholewki na g\u00f3rze: 37 cm<br \/>\nobw\u00f3d cholewki w kostce: 30,5 cm<\/p>\n<p>*mierzone dla rozmiaru 37 r\u00f3\u017cnica mi\u0119dzy rozmiarami 3mm obw\u00f3d, 3 mm wysoko\u015b\u0107<\/p>\n<p>Made in Poland<\/p>\n","protected":false},"excerpt":{"rendered":"<div><font color=\"#ff0000\"><b>*CZAS OCZEKIWANIA OD 14 DO 21 DNI ROBOCZYCH<\/b><\/font><\/div>\n<div>\u00a0**KOLORY NA ZDJ\u0118CIACH MOG\u0104 R\u00d3\u017bNI\u0106 SI\u0118 OD ORYGINA\u0141<\/div>\n<div><\/div>\n<div><\/div>\n<div>Rodzaj noska: zakryty<\/div>\n<div>Rodzaj obcasa: szpilka\u00a0<\/div>\n<div>Rodzaj zapi\u0119cia: wsuwane\u00a0<\/div>\n<div>Wk\u0142adka: sk\u00f3ra naturalna\u00a0<\/div>\n<div>Podeszwa: tworzywo sztuczne\u00a0<\/div>\n<div>Materia\u0142 wierzchni: sk\u00f3ra naturalna<\/div>\n<div>Materia\u0142 wewn\u0119trzny: sk\u00f3ra naturalna\u00a0<\/div>\n<div>Kolor: czarny<\/div>\n","protected":false},"featured_media":390934,"template":"","meta":{"_acf_changed":false},"product_brand":[],"product_cat":[2606,1452],"product_tag":[],"class_list":{"0":"post-396769","1":"product","2":"type-product","3":"status-publish","4":"has-post-thumbnail","6":"product_cat-boots","7":"product_cat-footwear","9":"first","10":"instock","11":"taxable","12":"shipping-taxable","13":"purchasable","14":"product-type-variable"},"acf":[],"_links":{"self":[{"href":"https:\/\/semprelove.pl\/en\/wp-json\/wp\/v2\/product\/396769","targetHints":{"allow":["GET"]}}],"collection":[{"href":"https:\/\/semprelove.pl\/en\/wp-json\/wp\/v2\/product"}],"about":[{"href":"https:\/\/semprelove.pl\/en\/wp-json\/wp\/v2\/types\/product"}],"wp:featuredmedia":[{"embeddable":true,"href":"https:\/\/semprelove.pl\/en\/wp-json\/wp\/v2\/media\/390934"}],"wp:attachment":[{"href":"https:\/\/semprelove.pl\/en\/wp-json\/wp\/v2\/media?parent=396769"}],"wp:term":[{"taxonomy":"product_brand","embeddable":true,"href":"https:\/\/semprelove.pl\/en\/wp-json\/wp\/v2\/product_brand?post=396769"},{"taxonomy":"product_cat","embeddable":true,"href":"https:\/\/semprelove.pl\/en\/wp-json\/wp\/v2\/product_cat?post=396769"},{"taxonomy":"product_tag","embeddable":true,"href":"https:\/\/semprelove.pl\/en\/wp-json\/wp\/v2\/product_tag?post=396769"}],"curies":[{"name":"wp","href":"https:\/\/api.w.org\/{rel}","templated":true}]}}