{"id":396792,"date":"2025-06-12T11:22:43","date_gmt":"2025-06-12T09:22:43","guid":{"rendered":"https:\/\/semprelove.pl\/produkt\/buty-bella-bordowe\/"},"modified":"2025-06-13T11:31:42","modified_gmt":"2025-06-13T09:31:42","slug":"buty-bella-bordowe","status":"publish","type":"product","link":"https:\/\/semprelove.pl\/en\/product\/buty-bella-bordowe\/","title":{"rendered":"Buty BELLA Bordowe"},"content":{"rendered":"<p>Botki na szpilce w najmodniejszym kolorze sezonu. Z ty\u0142u rozci\u0119cie. Naturalna sk\u00f3ra welurowa. Obcas 9cm.<\/p>\n","protected":false},"excerpt":{"rendered":"<div><font color=\"#000000\"><\/p>\n<table class=\"table table-bordered\">\n<tbody>\n<tr>\n<td><b>Rozmiar<br \/><\/b><\/td>\n<td><b>Wk\u0142adka w cm<\/b><\/td>\n<\/tr>\n<tr>\n<td><b>36<br \/><\/b><\/td>\n<td>23,7<\/td>\n<\/tr>\n<tr>\n<td><b>37<br \/><\/b><\/td>\n<td>24,3<\/td>\n<\/tr>\n<tr>\n<td><b>38<br \/><\/b><\/td>\n<td>24,9<\/td>\n<\/tr>\n<tr>\n<td><b>39<br \/><\/b><\/td>\n<td>25,5<\/td>\n<\/tr>\n<tr>\n<td><b>40<br \/><\/b><\/td>\n<td>26,1<\/td>\n<\/tr>\n<\/tbody>\n<\/table>\n<p><\/font><span style=\"color: var(--gray-800);font-size: 13px\">WYMIARY PODANE W CENTYMETRACH.<\/span><\/div>\n<div><font color=\"#ff0000\"><b><br \/><\/b><\/font><\/div><\/p>\n","protected":false},"featured_media":390952,"template":"","meta":{"_acf_changed":false},"product_brand":[],"product_cat":[1452],"product_tag":[],"class_list":{"0":"post-396792","1":"product","2":"type-product","3":"status-publish","4":"has-post-thumbnail","6":"product_cat-footwear","8":"first","9":"outofstock","10":"taxable","11":"shipping-taxable","12":"purchasable","13":"product-type-variable"},"acf":[],"_links":{"self":[{"href":"https:\/\/semprelove.pl\/en\/wp-json\/wp\/v2\/product\/396792","targetHints":{"allow":["GET"]}}],"collection":[{"href":"https:\/\/semprelove.pl\/en\/wp-json\/wp\/v2\/product"}],"about":[{"href":"https:\/\/semprelove.pl\/en\/wp-json\/wp\/v2\/types\/product"}],"wp:featuredmedia":[{"embeddable":true,"href":"https:\/\/semprelove.pl\/en\/wp-json\/wp\/v2\/media\/390952"}],"wp:attachment":[{"href":"https:\/\/semprelove.pl\/en\/wp-json\/wp\/v2\/media?parent=396792"}],"wp:term":[{"taxonomy":"product_brand","embeddable":true,"href":"https:\/\/semprelove.pl\/en\/wp-json\/wp\/v2\/product_brand?post=396792"},{"taxonomy":"product_cat","embeddable":true,"href":"https:\/\/semprelove.pl\/en\/wp-json\/wp\/v2\/product_cat?post=396792"},{"taxonomy":"product_tag","embeddable":true,"href":"https:\/\/semprelove.pl\/en\/wp-json\/wp\/v2\/product_tag?post=396792"}],"curies":[{"name":"wp","href":"https:\/\/api.w.org\/{rel}","templated":true}]}}