{"id":396884,"date":"2025-06-12T11:25:55","date_gmt":"2025-06-12T09:25:55","guid":{"rendered":"https:\/\/semprelove.pl\/produkt\/buty-silija-czarne\/"},"modified":"2025-06-13T11:35:34","modified_gmt":"2025-06-13T09:35:34","slug":"buty-silija-czarne","status":"publish","type":"product","link":"https:\/\/semprelove.pl\/en\/product\/buty-silija-czarne\/","title":{"rendered":"Buty SILIJA Czarne"},"content":{"rendered":"<p>ROZMIAR\tWK\u0141ADKA W CM<\/p>\n<p>36\t23,4 cm<br \/>\n37\t24 cm<br \/>\n38\t24,6 cm<br \/>\n39\t25,2 cm<br \/>\n40\t25,8cm<\/p>\n<p>WYMIARY:<\/p>\n<p>wysoko\u015b\u0107 obcasa: 10 cm<br \/>\nwysoko\u015b\u0107 cholewki ty\u0142:  46 cm<br \/>\nobw\u00f3d cholewki na g\u00f3rze: 39 cm<br \/>\nobw\u00f3d cholewki w kostce: 31 cm<\/p>\n<p>*mierzone dla rozmiaru 37 r\u00f3\u017cnica mi\u0119dzy rozmiarami 3mm obw\u00f3d, 3 mm wysoko\u015b\u0107<\/p>\n<p>Made in Poland<\/p>\n","protected":false},"excerpt":{"rendered":"<div><font color=\"#000000\"><\/p>\n<table class=\"table table-bordered\">\n<tbody>\n<tr>\n<td><b>Rozmiar<br \/><\/b><\/td>\n<td><b>Wk\u0142adka w cm<\/b><\/td>\n<\/tr>\n<tr>\n<td><b>36<br \/><\/b><\/td>\n<td>23,4<\/td>\n<\/tr>\n<tr>\n<td><b>37<br \/><\/b><\/td>\n<td>24<\/td>\n<\/tr>\n<tr>\n<td><b>38<br \/><\/b><\/td>\n<td>24,6<\/td>\n<\/tr>\n<tr>\n<td><b>39<br \/><\/b><\/td>\n<td>25,2<\/td>\n<\/tr>\n<tr>\n<td><b>40<br \/><\/b><\/td>\n<td>25,8<\/td>\n<\/tr>\n<\/tbody>\n<\/table>\n<p><\/font><span style=\"color: var(--gray-800);font-size: 13px\">WYMIARY PODANE W CENTYMETRACH.<\/span><\/div>\n<div><font color=\"#ff0000\"><b><br \/><\/b><\/font><\/div><\/p>\n","protected":false},"featured_media":391028,"template":"","meta":{"_acf_changed":false},"product_brand":[],"product_cat":[2606,1452],"product_tag":[],"class_list":{"0":"post-396884","1":"product","2":"type-product","3":"status-publish","4":"has-post-thumbnail","6":"product_cat-boots","7":"product_cat-footwear","9":"first","10":"instock","11":"taxable","12":"shipping-taxable","13":"purchasable","14":"product-type-variable"},"acf":[],"_links":{"self":[{"href":"https:\/\/semprelove.pl\/en\/wp-json\/wp\/v2\/product\/396884","targetHints":{"allow":["GET"]}}],"collection":[{"href":"https:\/\/semprelove.pl\/en\/wp-json\/wp\/v2\/product"}],"about":[{"href":"https:\/\/semprelove.pl\/en\/wp-json\/wp\/v2\/types\/product"}],"wp:featuredmedia":[{"embeddable":true,"href":"https:\/\/semprelove.pl\/en\/wp-json\/wp\/v2\/media\/391028"}],"wp:attachment":[{"href":"https:\/\/semprelove.pl\/en\/wp-json\/wp\/v2\/media?parent=396884"}],"wp:term":[{"taxonomy":"product_brand","embeddable":true,"href":"https:\/\/semprelove.pl\/en\/wp-json\/wp\/v2\/product_brand?post=396884"},{"taxonomy":"product_cat","embeddable":true,"href":"https:\/\/semprelove.pl\/en\/wp-json\/wp\/v2\/product_cat?post=396884"},{"taxonomy":"product_tag","embeddable":true,"href":"https:\/\/semprelove.pl\/en\/wp-json\/wp\/v2\/product_tag?post=396884"}],"curies":[{"name":"wp","href":"https:\/\/api.w.org\/{rel}","templated":true}]}}