{"id":397040,"date":"2025-06-12T11:31:55","date_gmt":"2025-06-12T09:31:55","guid":{"rendered":"https:\/\/semprelove.pl\/produkt\/buty-elza-koniakowe\/"},"modified":"2026-03-27T11:15:02","modified_gmt":"2026-03-27T10:15:02","slug":"buty-elza-koniakowe","status":"publish","type":"product","link":"https:\/\/semprelove.pl\/en\/product\/buty-elza-koniakowe\/","title":{"rendered":"Buty ELZA Koniakowe"},"content":{"rendered":"<div><span style=\"font-family:\">Welurowe\u00a0<\/span><span style=\"margin: 0px;padding: 0px;font-size: 15px;font-family:\">\u015bniegowce<\/span><span style=\"font-family:\">\u00a0z naturalnym ko\u017cuszkiem, wykonane z najwy\u017cszej jako\u015bci sk\u00f3ry naturalnej.\u00a0<\/span><\/div>\n<div><\/div>\n<div><font><br \/><\/font><\/div>\n<div><span style=\"color: var(--gray-800);font-size: 13px\"><br \/><\/span><\/div>\n","protected":false},"excerpt":{"rendered":"<div><\/div>\n<div><font><\/p>\n<table class=\"table table-bordered\" style=\"width: 1116px;border: 1px solid var(--gray-400)\">\n<tbody>\n<tr>\n<td><span style=\"font-weight: 600;color: inherit\">Rozmiar<br \/><\/span><\/td>\n<td><span style=\"font-weight: 600;color: inherit\">Wk\u0142adka w cm<\/span><\/td>\n<\/tr>\n<tr>\n<td><span style=\"font-weight: 600;color: inherit\">36<br \/><\/span><\/td>\n<td>23,4<\/td>\n<\/tr>\n<tr>\n<td><span style=\"font-weight: 600;color: inherit\">37<br \/><\/span><\/td>\n<td>24<\/td>\n<\/tr>\n<tr>\n<td><span style=\"font-weight: 600;color: inherit\">38<br \/><\/span><\/td>\n<td>24,6<\/td>\n<\/tr>\n<tr>\n<td><span style=\"font-weight: 600;color: inherit\">39<br \/><\/span><\/td>\n<td>25,2<\/td>\n<\/tr>\n<tr>\n<td><span style=\"font-weight: 600;color: inherit\">40<br \/><\/span><\/td>\n<td>25,8<\/td>\n<\/tr>\n<\/tbody>\n<\/table>\n<p><\/font><span style=\"color: var(--gray-800);font-size: 13px\">WYMIARY PODANE W CENTYMETRACH.<\/span><\/div>\n","protected":false},"featured_media":391149,"template":"","meta":{"_acf_changed":false},"product_brand":[],"product_cat":[1452],"product_tag":[],"class_list":{"0":"post-397040","1":"product","2":"type-product","3":"status-publish","4":"has-post-thumbnail","6":"product_cat-footwear","8":"first","9":"outofstock","10":"taxable","11":"shipping-taxable","12":"purchasable","13":"product-type-variable"},"acf":[],"_links":{"self":[{"href":"https:\/\/semprelove.pl\/en\/wp-json\/wp\/v2\/product\/397040","targetHints":{"allow":["GET"]}}],"collection":[{"href":"https:\/\/semprelove.pl\/en\/wp-json\/wp\/v2\/product"}],"about":[{"href":"https:\/\/semprelove.pl\/en\/wp-json\/wp\/v2\/types\/product"}],"wp:featuredmedia":[{"embeddable":true,"href":"https:\/\/semprelove.pl\/en\/wp-json\/wp\/v2\/media\/391149"}],"wp:attachment":[{"href":"https:\/\/semprelove.pl\/en\/wp-json\/wp\/v2\/media?parent=397040"}],"wp:term":[{"taxonomy":"product_brand","embeddable":true,"href":"https:\/\/semprelove.pl\/en\/wp-json\/wp\/v2\/product_brand?post=397040"},{"taxonomy":"product_cat","embeddable":true,"href":"https:\/\/semprelove.pl\/en\/wp-json\/wp\/v2\/product_cat?post=397040"},{"taxonomy":"product_tag","embeddable":true,"href":"https:\/\/semprelove.pl\/en\/wp-json\/wp\/v2\/product_tag?post=397040"}],"curies":[{"name":"wp","href":"https:\/\/api.w.org\/{rel}","templated":true}]}}