{"id":397118,"date":"2025-06-12T11:34:09","date_gmt":"2025-06-12T09:34:09","guid":{"rendered":"https:\/\/semprelove.pl\/produkt\/buty-zara-brazowy-welur\/"},"modified":"2026-03-21T10:08:34","modified_gmt":"2026-03-21T09:08:34","slug":"buty-zara-brazowy-welur","status":"publish","type":"product","link":"https:\/\/semprelove.pl\/en\/product\/buty-zara-brazowy-welur\/","title":{"rendered":"Buty ZARA Br\u0105zowy welur"},"content":{"rendered":"<p><span style=\"font-size: 14px\">Kowbojki do po\u0142owy \u0142ydki, w kolorze br\u0105zowym, wykonane z naturalnej sk\u00f3ry welurowej. Wstawki ze sk\u00f3ry licowej.<\/span><\/p>\n<div>Wysoko\u015b\u0107 obcasa 5 cm.<\/div>\n","protected":false},"excerpt":{"rendered":"<\/p>\n<table class=\"table table-bordered\" style=\"border-collapse: collapse;border-spacing: 0px;max-width: 100%;background-color: var(--white);width: 1116px;margin: 0px !important;border: 1px solid var(--gray-400);z-index: 2;background-image: initial;background-position: initial;background-size: initial;background-repeat: initial;background-attachment: initial;border-radius: 8px;font-size: 0.8125rem;letter-spacing: -0.16px;line-height: 15px\">\n<tbody>\n<tr>\n<td style=\"padding: 6px 9px;text-align: left;vertical-align: top;line-height: 15px;border-top-width:;border-top-style:;border-top-color:;border-right-color:;border-right-style:;border-right-width:;border-bottom-color:;border-bottom-style:;border-bottom-width:;border-left: none\"><span style=\"font-weight: 600;color: inherit\">Rozmiar<br \/><\/span><\/td>\n<td style=\"padding: 6px 9px;text-align: left;vertical-align: top;line-height: 15px;border-top-width:;border-top-style:;border-top-color:;border-right: none;border-bottom-color:;border-bottom-style:;border-bottom-width:;border-left-color:;border-left-style:;border-left-width:\"><span style=\"font-weight: 600;color: inherit\">Wk\u0142adka w cm<\/span><\/td>\n<\/tr>\n<tr>\n<td style=\"padding: 6px 9px;text-align: left;vertical-align: top;line-height: 15px;border-top-width:;border-top-style:;border-top-color:;border-right-color:;border-right-style:;border-right-width:;border-bottom-color:;border-bottom-style:;border-bottom-width:;border-left: none\"><span style=\"font-weight: 600;color: inherit\">36<br \/><\/span><\/td>\n<td style=\"padding: 6px 9px;text-align: left;vertical-align: top;line-height: 15px;border-top-width:;border-top-style:;border-top-color:;border-right: none;border-bottom-color:;border-bottom-style:;border-bottom-width:;border-left-color:;border-left-style:;border-left-width:\">23,4<\/td>\n<\/tr>\n<tr>\n<td style=\"padding: 6px 9px;text-align: left;vertical-align: top;line-height: 15px;border-top-width:;border-top-style:;border-top-color:;border-right-color:;border-right-style:;border-right-width:;border-bottom-color:;border-bottom-style:;border-bottom-width:;border-left: none\"><span style=\"font-weight: 600;color: inherit\">37<br \/><\/span><\/td>\n<td style=\"padding: 6px 9px;text-align: left;vertical-align: top;line-height: 15px;border-top-width:;border-top-style:;border-top-color:;border-right: none;border-bottom-color:;border-bottom-style:;border-bottom-width:;border-left-color:;border-left-style:;border-left-width:\">24<\/td>\n<\/tr>\n<tr>\n<td style=\"padding: 6px 9px;text-align: left;vertical-align: top;line-height: 15px;border-top-width:;border-top-style:;border-top-color:;border-right-color:;border-right-style:;border-right-width:;border-bottom-color:;border-bottom-style:;border-bottom-width:;border-left: none\"><span style=\"font-weight: 600;color: inherit\">38<br \/><\/span><\/td>\n<td style=\"padding: 6px 9px;text-align: left;vertical-align: top;line-height: 15px;border-top-width:;border-top-style:;border-top-color:;border-right: none;border-bottom-color:;border-bottom-style:;border-bottom-width:;border-left-color:;border-left-style:;border-left-width:\">24,6<\/td>\n<\/tr>\n<tr>\n<td style=\"padding: 6px 9px;text-align: left;vertical-align: top;line-height: 15px;border-top-width:;border-top-style:;border-top-color:;border-right-color:;border-right-style:;border-right-width:;border-bottom-color:;border-bottom-style:;border-bottom-width:;border-left: none\"><span style=\"font-weight: 600;color: inherit\">39<br \/><\/span><\/td>\n<td style=\"padding: 6px 9px;text-align: left;vertical-align: top;line-height: 15px;border-top-width:;border-top-style:;border-top-color:;border-right: none;border-bottom-color:;border-bottom-style:;border-bottom-width:;border-left-color:;border-left-style:;border-left-width:\">25,2<\/td>\n<\/tr>\n<tr>\n<td style=\"padding: 6px 9px;text-align: left;vertical-align: top;line-height: 15px;border-top-width:;border-top-style:;border-top-color:;border-right-color:;border-right-style:;border-right-width:;border-bottom: none;border-left: none\"><span style=\"font-weight: 600;color: inherit\">40<br \/><\/span><\/td>\n<td style=\"padding: 6px 9px;text-align: left;vertical-align: top;line-height: 15px;border-top-width:;border-top-style:;border-top-color:;border-right: none;border-bottom: none;border-left-color:;border-left-style:;border-left-width:\">25,8<\/td>\n<\/tr>\n<\/tbody>\n<\/table>\n<p><font style=\"font-size: 14px\"><\/font><span style=\"color: var(--gray-800)\">WYMIARY PODANE W CENTYMETRACH.<\/span><\/p>\n","protected":false},"featured_media":391206,"template":"","meta":{"_acf_changed":false},"product_brand":[],"product_cat":[1452],"product_tag":[],"class_list":{"0":"post-397118","1":"product","2":"type-product","3":"status-publish","4":"has-post-thumbnail","6":"product_cat-footwear","8":"first","9":"instock","10":"taxable","11":"shipping-taxable","12":"purchasable","13":"product-type-variable"},"acf":[],"_links":{"self":[{"href":"https:\/\/semprelove.pl\/en\/wp-json\/wp\/v2\/product\/397118","targetHints":{"allow":["GET"]}}],"collection":[{"href":"https:\/\/semprelove.pl\/en\/wp-json\/wp\/v2\/product"}],"about":[{"href":"https:\/\/semprelove.pl\/en\/wp-json\/wp\/v2\/types\/product"}],"wp:featuredmedia":[{"embeddable":true,"href":"https:\/\/semprelove.pl\/en\/wp-json\/wp\/v2\/media\/391206"}],"wp:attachment":[{"href":"https:\/\/semprelove.pl\/en\/wp-json\/wp\/v2\/media?parent=397118"}],"wp:term":[{"taxonomy":"product_brand","embeddable":true,"href":"https:\/\/semprelove.pl\/en\/wp-json\/wp\/v2\/product_brand?post=397118"},{"taxonomy":"product_cat","embeddable":true,"href":"https:\/\/semprelove.pl\/en\/wp-json\/wp\/v2\/product_cat?post=397118"},{"taxonomy":"product_tag","embeddable":true,"href":"https:\/\/semprelove.pl\/en\/wp-json\/wp\/v2\/product_tag?post=397118"}],"curies":[{"name":"wp","href":"https:\/\/api.w.org\/{rel}","templated":true}]}}