{"id":397490,"date":"2025-06-12T11:39:57","date_gmt":"2025-06-12T09:39:57","guid":{"rendered":"https:\/\/semprelove.pl\/produkt\/buty-ivy-czarne\/"},"modified":"2025-06-13T12:12:28","modified_gmt":"2025-06-13T10:12:28","slug":"buty-ivy-czarne","status":"publish","type":"product","link":"https:\/\/semprelove.pl\/en\/product\/buty-ivy-czarne\/","title":{"rendered":"Buty IVY Czarne"},"content":{"rendered":"<p>ROZMIAR\u00a0 W CM\u00a0<\/p>\n<div>36\u00a0\u00a0\u00a0\u00a0\u00a0\u00a0 23,6 cm\u00a0<\/div>\n<div>37 \u00a0 \u00a0 \u00a0 24,4 cm\u00a0<\/div>\n<div>38\u00a0\u00a0\u00a0\u00a0\u00a0\u00a0 25 cm\u00a0<\/div>\n<div>39 \u00a0 \u00a0 \u00a0   25,5 cm\u00a0<\/div>\n<div>40\u00a0\u00a0\u00a0\u00a0\u00a0\u00a0 26,3 cm\u00a0<\/div>\n<div><\/div>\n<div>WYMIARY\u00a0<\/div>\n<div>wysoko\u015b\u0107 cholewki: 34,6 cm\u00a0<\/div>\n<div>wysoko\u015b\u0107 cholewki od podeszwy: 40,2 cm\u00a0<\/div>\n<div>obw\u00f3d cholewki w kostce: 29 cm\u00a0<\/div>\n<div>obw\u00f3d cholewki na g\u00f3rze: 38 cm<\/div>\n<div><\/div>\n<div>\u00a0*mierzone dla rozmiaru 38 r\u00f3\u017cnica mi\u0119dzy rozmiarami 3mm obw\u00f3d, 0,7 mm wysoko\u015b\u0107.\u00a0<\/div>\n<div><\/div>\n<div>Made in Poland<\/div>\n","protected":false},"excerpt":{"rendered":"<div><b><font color=\"#ff0000\">*CZAS OCZEKIWANIA OD 14 DO 21 DNI ROBOCZYCH <br \/><\/font><\/b><\/div>\n<div>\n**KOLORY NA ZDJ\u0118CIACH MOG\u0104 R\u00d3\u017bNI\u0106 SI\u0118 OD ORYGINA\u0141U. <\/div>\n<div><\/div>\n<div>Rodzaj noska: pe\u0142ny\u00a0<\/div>\n<div>Rodzaj obcasa: podeszwa<\/div>\n<div>Rodzaj zapi\u0119cia: suwak<\/div>\n<div>Wk\u0142adka: sk\u00f3ra naturalna\u00a0<\/div>\n<div>Podeszwa: tworzywo sztuczne\u00a0<\/div>\n<div>Materia\u0142 wierzchni: sk\u00f3ra naturalna\u00a0<\/div>\n<div>Materia\u0142 wewn\u0119trzny: sk\u00f3ra naturalna\u00a0<\/div>\n<div>Kolor: czarny<\/div>\n<div><\/div>\n<div><\/div>\n","protected":false},"featured_media":391358,"template":"","meta":{"_acf_changed":false},"product_brand":[],"product_cat":[2606,1452],"product_tag":[],"class_list":{"0":"post-397490","1":"product","2":"type-product","3":"status-publish","4":"has-post-thumbnail","6":"product_cat-boots","7":"product_cat-footwear","9":"first","10":"instock","11":"taxable","12":"shipping-taxable","13":"purchasable","14":"product-type-variable","15":"has-default-attributes"},"acf":[],"_links":{"self":[{"href":"https:\/\/semprelove.pl\/en\/wp-json\/wp\/v2\/product\/397490","targetHints":{"allow":["GET"]}}],"collection":[{"href":"https:\/\/semprelove.pl\/en\/wp-json\/wp\/v2\/product"}],"about":[{"href":"https:\/\/semprelove.pl\/en\/wp-json\/wp\/v2\/types\/product"}],"wp:featuredmedia":[{"embeddable":true,"href":"https:\/\/semprelove.pl\/en\/wp-json\/wp\/v2\/media\/391358"}],"wp:attachment":[{"href":"https:\/\/semprelove.pl\/en\/wp-json\/wp\/v2\/media?parent=397490"}],"wp:term":[{"taxonomy":"product_brand","embeddable":true,"href":"https:\/\/semprelove.pl\/en\/wp-json\/wp\/v2\/product_brand?post=397490"},{"taxonomy":"product_cat","embeddable":true,"href":"https:\/\/semprelove.pl\/en\/wp-json\/wp\/v2\/product_cat?post=397490"},{"taxonomy":"product_tag","embeddable":true,"href":"https:\/\/semprelove.pl\/en\/wp-json\/wp\/v2\/product_tag?post=397490"}],"curies":[{"name":"wp","href":"https:\/\/api.w.org\/{rel}","templated":true}]}}