{"id":397789,"date":"2025-06-12T12:00:55","date_gmt":"2025-06-12T10:00:55","guid":{"rendered":"https:\/\/semprelove.pl\/produkt\/spodnie-jeans-niebieskie\/"},"modified":"2026-04-10T10:46:57","modified_gmt":"2026-04-10T08:46:57","slug":"spodnie-jeans-niebieskie","status":"publish","type":"product","link":"https:\/\/semprelove.pl\/en\/product\/spodnie-jeans-niebieskie\/","title":{"rendered":"Spodnie JEANS Niebieskie"},"content":{"rendered":"<p>Spodnie. Modny kr\u00f3j. Fason oversize. Zapinane na zamek. Przewi\u0105zywane paseczkiem. Z dwoma kieszeniami. Dobry sk\u0142ad materia\u0142u.<\/p>\n","protected":false},"excerpt":{"rendered":"<table class=\"table table-bordered\" style=\"width: 1099px;border: 1px solid var(--gray-400)\">\n<tbody>\n<tr>\n<td><span style=\"font-weight: 600;color: inherit\">Rozmiar<br \/><\/span><\/td>\n<td style=\"border: 1px solid var(--gray-400)\"><span style=\"font-weight: 600;color: inherit\">S\/M<br \/><\/span><\/td>\n<td><span style=\"font-weight: 600;color: inherit\">M\/L<br \/><\/span><\/td>\n<\/tr>\n<tr>\n<td><span style=\"font-weight: 600;color: inherit\">F<br \/><\/span><\/td>\n<td style=\"border: 1px solid var(--gray-400)\">109<\/td>\n<td>111<\/td>\n<\/tr>\n<tr>\n<td><span style=\"font-weight: 600;color: inherit\">G<br \/><\/span><\/td>\n<td style=\"border: 1px solid var(--gray-400)\">36<\/td>\n<td>37<\/td>\n<\/tr>\n<tr>\n<td><span style=\"font-weight: 600;color: inherit\">H<br \/><\/span><\/td>\n<td style=\"border: 1px solid var(--gray-400)\">39<\/td>\n<td>40<\/td>\n<\/tr>\n<tr>\n<td style=\"border-bottom: 1px solid var(--gray-400)\"><span style=\"font-weight: 600;color: inherit\">I<br \/><\/span><\/td>\n<td style=\"border-bottom: 1px solid var(--gray-400)\">78<\/td>\n<td style=\"border-bottom: 1px solid var(--gray-400)\">79<\/td>\n<\/tr>\n<\/tbody>\n<\/table>\n<p><span style=\"font-size: 14px\"><span style=\"font-weight: 600;color: inherit\">UBRANIA MIERZONE NA P\u0141ASKO.<\/span><br \/><\/span><span style=\"font-size: 14px\">POSZCZEG\u00d3LNE WYMIARY MOG\u0104 R\u00d3\u017bNI\u0106 SI\u0118 +\/- 2CM<\/span><br style=\"font-size: 14px\"><span style=\"color: var(--gray-800);font-size: 14px\">WYMIARY PODANE W CENTYMETRACH.<\/span><\/p>\n<\/p>\n<p><br style=\"font-size: 14px\"><\/p>\n<\/p>\n<p><span style=\"font-weight: 600;color: inherit\">LEGENDA TABELI ROZMIAR\u00d3W<\/span><\/p>\n<div><span style=\"font-size: 13px\">A:<\/span><span style=\"font-size: 13px\">\u00a0D\u0141UGO\u015a\u0106 CA\u0141KOWITA<\/span><\/p>\n<div><span style=\"color: var(--gray-800);font-size: 13px\"><span style=\"font-weight: 600;color: inherit\">B:<\/span>\u00a0SZEROKO\u015a\u0106 W BIU\u015aCIE<br \/><\/span><span style=\"color: var(--gray-800);font-size: 13px\"><span style=\"font-weight: 600;color: inherit\">C:<\/span>\u00a0SZEROKO\u015a\u0106 W RAMIONACH<br \/><\/span><span style=\"color: var(--gray-800);font-size: 13px\"><span style=\"font-weight: 600;color: inherit\">D:<\/span>\u00a0D\u0141UGO\u015a\u0106 R\u0118KAWA OD WEWN\u0104TRZ<br \/><\/span><span style=\"color: var(--gray-800);font-size: 13px\"><span style=\"font-weight: 600;color: inherit\">E:<\/span>\u00a0D\u0141UGO\u015a\u0106 R\u0118KAWA OD ZEWN\u0104TRZ<br \/><\/span><span style=\"color: var(--gray-800);font-size: 13px\"><span style=\"font-weight: 600;color: inherit\">F:\u00a0<\/span>D\u0141UGO\u015a\u0106 CA\u0141KOWITA SPODNI<br \/><\/span><span style=\"color: var(--gray-800);font-size: 13px\"><span style=\"font-weight: 600;color: inherit\">G:\u00a0<\/span>SZEROKO\u015a\u0106 W PASIE<br \/><\/span><span style=\"color: var(--gray-800);font-size: 13px\"><span style=\"font-weight: 600;color: inherit\">H:\u00a0<\/span>WYSOKO\u015a\u0106 STANU<br \/><\/span><span style=\"color: var(--gray-800);font-size: 13px\"><span style=\"font-weight: 600;color: inherit\">I:\u00a0<\/span>D\u0141UGO\u015a\u0106 NOGAWKI OD WEWN\u0104TRZ<br \/><\/span><span style=\"color: var(--gray-800);font-size: 13px\"><span style=\"font-weight: 600;color: inherit\">J:\u00a0<\/span>SZEROKO\u015a\u0106 DO\u0141U<br \/><\/span><span style=\"color: var(--gray-800);font-size: 13px\"><span style=\"font-weight: 600;color: inherit\">K:<\/span>\u00a0D\u0141UGO\u015a\u0106 CA\u0141KOWITA TY\u0141U<\/span><\/div>\n<\/div>\n","protected":false},"featured_media":417512,"template":"","meta":{"_acf_changed":false},"product_brand":[],"product_cat":[589,2302,600],"product_tag":[],"class_list":{"0":"post-397789","1":"product","2":"type-product","3":"status-publish","4":"has-post-thumbnail","6":"product_cat-clothing","7":"product_cat-denim-en","8":"product_cat-pants","10":"first","11":"outofstock","12":"taxable","13":"shipping-taxable","14":"purchasable","15":"product-type-variable","16":"has-default-attributes"},"acf":[],"_links":{"self":[{"href":"https:\/\/semprelove.pl\/en\/wp-json\/wp\/v2\/product\/397789","targetHints":{"allow":["GET"]}}],"collection":[{"href":"https:\/\/semprelove.pl\/en\/wp-json\/wp\/v2\/product"}],"about":[{"href":"https:\/\/semprelove.pl\/en\/wp-json\/wp\/v2\/types\/product"}],"wp:featuredmedia":[{"embeddable":true,"href":"https:\/\/semprelove.pl\/en\/wp-json\/wp\/v2\/media\/417512"}],"wp:attachment":[{"href":"https:\/\/semprelove.pl\/en\/wp-json\/wp\/v2\/media?parent=397789"}],"wp:term":[{"taxonomy":"product_brand","embeddable":true,"href":"https:\/\/semprelove.pl\/en\/wp-json\/wp\/v2\/product_brand?post=397789"},{"taxonomy":"product_cat","embeddable":true,"href":"https:\/\/semprelove.pl\/en\/wp-json\/wp\/v2\/product_cat?post=397789"},{"taxonomy":"product_tag","embeddable":true,"href":"https:\/\/semprelove.pl\/en\/wp-json\/wp\/v2\/product_tag?post=397789"}],"curies":[{"name":"wp","href":"https:\/\/api.w.org\/{rel}","templated":true}]}}