{"id":455945,"date":"2026-04-09T09:58:00","date_gmt":"2026-04-09T07:58:00","guid":{"rendered":"https:\/\/semprelove.pl\/produkt\/chocolate-oversized-cotton-jeans\/"},"modified":"2026-04-09T09:58:40","modified_gmt":"2026-04-09T07:58:40","slug":"chocolate-oversized-cotton-jeans","status":"publish","type":"product","link":"https:\/\/semprelove.pl\/en\/product\/chocolate-oversized-cotton-jeans\/","title":{"rendered":"Chocolate Oversized Cotton Jeans"},"content":{"rendered":"<p>Experience the perfect blend of comfort and style with our Chocolate Oversized Cotton Jeans. Crafted from 100% premium cotton, these jeans offer a soft and breathable fit, ideal for everyday wear. The rich chocolate hue adds a touch of sophistication, making it easy to pair with a variety of tops for a casual yet polished look. Available in two sizes, S\/M and M\/L, these jeans allow for an oversized silhouette that flatters all body types. Proudly produced in Poland by the official manufacturer SEMPRE, you can trust in the quality and craftsmanship of this essential wardrobe staple. Elevate your fashion repertoire with these versatile and chic oversized jeans.<\/p>\n","protected":false},"excerpt":{"rendered":"<table class=\"table table-bordered\" style=\"width: 1073px;border-style: solid;border-width: 1px\">\n<tbody>\n<tr>\n<td><span style=\"font-weight: 600;color: inherit\">Rozmiar<br \/><\/span><\/td>\n<td style=\"border-width: 1px;border-style: solid\"><span style=\"font-weight: 600;color: inherit\">S\/M<br \/><\/span><\/td>\n<td><span style=\"font-weight: 600;color: inherit\">M\/L<br \/><\/span><\/td>\n<\/tr>\n<tr>\n<td><span style=\"font-weight: 600;color: inherit\">F<br \/><\/span><\/td>\n<td style=\"border-width: 1px;border-style: solid\">109<\/td>\n<td>111<\/td>\n<\/tr>\n<tr>\n<td><span style=\"font-weight: 600;color: inherit\">G<br \/><\/span><\/td>\n<td style=\"border-width: 1px;border-style: solid\">36<\/td>\n<td>39<\/td>\n<\/tr>\n<tr>\n<td><span style=\"font-weight: 600;color: inherit\">H<br \/><\/span><\/td>\n<td style=\"border-width: 1px;border-style: solid\">39<\/td>\n<td>40<\/td>\n<\/tr>\n<tr>\n<td><span style=\"font-weight: 600;color: inherit\">I<br \/><\/span><\/td>\n<td style=\"border-width: 1px;border-style: solid\">78<\/td>\n<td>79<\/td>\n<\/tr>\n<\/tbody>\n<\/table>\n<p><span style=\"font-weight: 600;color: inherit\">UBRANIA MIERZONE NA P\u0141ASKO.<\/span><br \/>POSZCZEG\u00d3LNE WYMIARY MOG\u0104 R\u00d3\u017bNI\u0106 SI\u0118 +\/- 2CM<br \/>WYMIARY PODANE W CENTYMETRACH.<\/p>\n<\/p>\n<p><\/p>\n<\/p>\n<p><span style=\"font-weight: 600;color: inherit\">LEGENDA TABELI ROZMIAR\u00d3W<\/span><\/p>\n<div><span style=\"font-size: 13px\">A:<\/span><span style=\"font-size: 13px\">\u00a0D\u0141UGO\u015a\u0106 CA\u0141KOWITA<\/span><\/p>\n<div><span style=\"font-size: 13px\"><span style=\"font-weight: 600;color: inherit\">B:<\/span>\u00a0SZEROKO\u015a\u0106 W BIU\u015aCIE<br \/><\/span><span style=\"font-size: 13px\"><span style=\"font-weight: 600;color: inherit\">C:<\/span>\u00a0SZEROKO\u015a\u0106 W RAMIONACH<br \/><\/span><span style=\"font-size: 13px\"><span style=\"font-weight: 600;color: inherit\">D:<\/span>\u00a0D\u0141UGO\u015a\u0106 R\u0118KAWA OD WEWN\u0104TRZ<br \/><\/span><span style=\"font-size: 13px\"><span style=\"font-weight: 600;color: inherit\">E:<\/span>\u00a0D\u0141UGO\u015a\u0106 R\u0118KAWA OD ZEWN\u0104TRZ<br \/><\/span><span style=\"font-size: 13px\"><span style=\"font-weight: 600;color: inherit\">F:\u00a0<\/span>D\u0141UGO\u015a\u0106 CA\u0141KOWITA SPODNI<br \/><\/span><span style=\"font-size: 13px\"><span style=\"font-weight: 600;color: inherit\">G:\u00a0<\/span>SZEROKO\u015a\u0106 W PASIE<br \/><\/span><span style=\"font-size: 13px\"><span style=\"font-weight: 600;color: inherit\">H:\u00a0<\/span>WYSOKO\u015a\u0106 STANU<br \/><\/span><span style=\"font-size: 13px\"><span style=\"font-weight: 600;color: inherit\">I:\u00a0<\/span>D\u0141UGO\u015a\u0106 NOGAWKI OD WEWN\u0104TRZ<br \/><\/span><span style=\"font-size: 13px\"><span style=\"font-weight: 600;color: inherit\">J:\u00a0<\/span>SZEROKO\u015a\u0106 DO\u0141U<br \/><\/span><span style=\"font-size: 13px\"><span style=\"font-weight: 600;color: inherit\">K:<\/span>\u00a0D\u0141UGO\u015a\u0106 CA\u0141KOWITA TY\u0141U<\/span><\/div>\n<\/div>\n","protected":false},"featured_media":0,"template":"","meta":{"_acf_changed":false},"product_brand":[2537],"product_cat":[589,600],"product_tag":[],"class_list":{"0":"post-455945","1":"product","2":"type-product","3":"status-publish","5":"product_brand-sempre","6":"product_cat-clothing","7":"product_cat-pants","9":"first","10":"instock","11":"taxable","12":"shipping-taxable","13":"purchasable","14":"product-type-variable","15":"has-default-attributes"},"acf":[],"_links":{"self":[{"href":"https:\/\/semprelove.pl\/en\/wp-json\/wp\/v2\/product\/455945","targetHints":{"allow":["GET"]}}],"collection":[{"href":"https:\/\/semprelove.pl\/en\/wp-json\/wp\/v2\/product"}],"about":[{"href":"https:\/\/semprelove.pl\/en\/wp-json\/wp\/v2\/types\/product"}],"wp:attachment":[{"href":"https:\/\/semprelove.pl\/en\/wp-json\/wp\/v2\/media?parent=455945"}],"wp:term":[{"taxonomy":"product_brand","embeddable":true,"href":"https:\/\/semprelove.pl\/en\/wp-json\/wp\/v2\/product_brand?post=455945"},{"taxonomy":"product_cat","embeddable":true,"href":"https:\/\/semprelove.pl\/en\/wp-json\/wp\/v2\/product_cat?post=455945"},{"taxonomy":"product_tag","embeddable":true,"href":"https:\/\/semprelove.pl\/en\/wp-json\/wp\/v2\/product_tag?post=455945"}],"curies":[{"name":"wp","href":"https:\/\/api.w.org\/{rel}","templated":true}]}}