{"id":457009,"date":"2026-04-10T21:29:19","date_gmt":"2026-04-10T19:29:19","guid":{"rendered":"https:\/\/semprelove.pl\/produkt\/buty-polly-biale\/"},"modified":"2026-04-10T21:30:55","modified_gmt":"2026-04-10T19:30:55","slug":"buty-polly-biale","status":"publish","type":"product","link":"https:\/\/semprelove.pl\/en\/product\/buty-polly-biale\/","title":{"rendered":"Buty POLLY Bia\u0142e"},"content":{"rendered":"<p>Buty POLLY w klasycznym, bia\u0142ym kolorze \u2014 idealne na co dzie\u0144. Wykonane z wysokiej jako\u015bci sk\u00f3ry, kt\u00f3re zapewniaj\u0105 komfort noszenia oraz trwa\u0142o\u015b\u0107. Komponuj\u0105 si\u0119 z r\u00f3\u017cnymi stylizacjami: od casualowych po bardziej eleganckie.<\/p>\n","protected":false},"excerpt":{"rendered":"<div><font color=\"#000000\"><\/p>\n<table class=\"table table-bordered\" style=\"width: 1072px;border-style: solid;border-width: 1px\">\n<tbody>\n<tr>\n<td><span style=\"font-weight: 600;color: inherit\">Rozmiar<br \/><\/span><\/td>\n<td><span style=\"font-weight: 600;color: inherit\">Wk\u0142adka w cm<\/span><\/td>\n<\/tr>\n<tr>\n<td><span style=\"font-weight: 600;color: inherit\">36<br \/><\/span><\/td>\n<td>23,7<\/td>\n<\/tr>\n<tr>\n<td><span style=\"font-weight: 600;color: inherit\">37<br \/><\/span><\/td>\n<td>24,3<\/td>\n<\/tr>\n<tr>\n<td><span style=\"font-weight: 600;color: inherit\">38<br \/><\/span><\/td>\n<td>24,9<\/td>\n<\/tr>\n<tr>\n<td><span style=\"font-weight: 600;color: inherit\">39<br \/><\/span><\/td>\n<td>25,5<\/td>\n<\/tr>\n<tr>\n<td><span style=\"font-weight: 600;color: inherit\">40<br \/><\/span><\/td>\n<td>26,1<\/td>\n<\/tr>\n<\/tbody>\n<\/table>\n<p><\/font><\/p>\n<p><font color=\"#000000\"><\/font>WYMIARY PODANE W CENTYMETRACH.<\/p>\n<\/div>\n<div><\/div>\n","protected":false},"featured_media":457024,"template":"","meta":{"_acf_changed":false},"product_brand":[2537],"product_cat":[1452,2553],"product_tag":[],"class_list":{"0":"post-457009","1":"product","2":"type-product","3":"status-publish","4":"has-post-thumbnail","6":"product_brand-sempre","7":"product_cat-footwear","8":"product_cat-sneakers","10":"first","11":"instock","12":"taxable","13":"shipping-taxable","14":"purchasable","15":"product-type-variable","16":"has-default-attributes"},"acf":[],"_links":{"self":[{"href":"https:\/\/semprelove.pl\/en\/wp-json\/wp\/v2\/product\/457009","targetHints":{"allow":["GET"]}}],"collection":[{"href":"https:\/\/semprelove.pl\/en\/wp-json\/wp\/v2\/product"}],"about":[{"href":"https:\/\/semprelove.pl\/en\/wp-json\/wp\/v2\/types\/product"}],"wp:featuredmedia":[{"embeddable":true,"href":"https:\/\/semprelove.pl\/en\/wp-json\/wp\/v2\/media\/457024"}],"wp:attachment":[{"href":"https:\/\/semprelove.pl\/en\/wp-json\/wp\/v2\/media?parent=457009"}],"wp:term":[{"taxonomy":"product_brand","embeddable":true,"href":"https:\/\/semprelove.pl\/en\/wp-json\/wp\/v2\/product_brand?post=457009"},{"taxonomy":"product_cat","embeddable":true,"href":"https:\/\/semprelove.pl\/en\/wp-json\/wp\/v2\/product_cat?post=457009"},{"taxonomy":"product_tag","embeddable":true,"href":"https:\/\/semprelove.pl\/en\/wp-json\/wp\/v2\/product_tag?post=457009"}],"curies":[{"name":"wp","href":"https:\/\/api.w.org\/{rel}","templated":true}]}}